{"id":622,"date":"2021-07-01T14:08:52","date_gmt":"2021-07-01T14:08:52","guid":{"rendered":"https:\/\/fromjoy.fr\/page-de-reservation\/"},"modified":"2026-03-31T11:20:57","modified_gmt":"2026-03-31T09:20:57","slug":"booking","status":"publish","type":"page","link":"https:\/\/fromjoy.fr\/en\/booking\/","title":{"rendered":"Page de R\u00e9servation"},"content":{"rendered":"<p>[et_pb_section fb_built=&#8221;1&#8243; _builder_version=&#8221;4.27.4&#8243; background_enable_color=&#8221;off&#8221; background_image=&#8221;https:\/\/fromjoy.fr\/wp-content\/uploads\/2025\/03\/STAGE-PARIS-JUIN-2023_DIANA-GANDARA-28-scaled.jpg&#8221; custom_padding=&#8221;||56px|||&#8221; background_last_edited=&#8221;on|phone&#8221; parallax_phone=&#8221;off&#8221; parallax_method_phone=&#8221;on&#8221; background_size_phone=&#8221;contain&#8221; background_position_phone=&#8221;bottom_center&#8221; global_colors_info=&#8221;{}&#8221;][et_pb_row _builder_version=&#8221;4.16&#8243; background_size=&#8221;initial&#8221; background_position=&#8221;top_left&#8221; background_repeat=&#8221;repeat&#8221; global_colors_info=&#8221;{}&#8221;][et_pb_column type=&#8221;4_4&#8243; _builder_version=&#8221;4.16&#8243; custom_padding=&#8221;|||&#8221; global_colors_info=&#8221;{}&#8221; custom_padding__hover=&#8221;|||&#8221;][et_pb_divider show_divider=&#8221;off&#8221; _builder_version=&#8221;4.23&#8243; _module_preset=&#8221;default&#8221; custom_margin=&#8221;20px||20px||false|false&#8221; custom_padding=&#8221;20px||20px||false|false&#8221; global_colors_info=&#8221;{}&#8221;][\/et_pb_divider][et_pb_text content_tablet=&#8221;&#8221; content_phone=&#8221;<\/p>\n<p style=%22text-align: right;%22>I book<br \/>my session<\/p>\n<p>&#8221; content_last_edited=&#8221;on|phone&#8221; _builder_version=&#8221;4.27.4&#8243; _module_preset=&#8221;default&#8221; text_font=&#8221;Playfair Display|||on|||||&#8221; text_text_color=&#8221;#000000&#8243; text_font_size=&#8221;50px&#8221; text_text_color_tablet=&#8221;#000000&#8243; text_text_color_phone=&#8221;#4B1707&#8243; text_text_color_last_edited=&#8221;on|phone&#8221; text_font_size_tablet=&#8221;&#8221; text_font_size_phone=&#8221;30px&#8221; text_font_size_last_edited=&#8221;on|desktop&#8221; text_orientation_tablet=&#8221;&#8221; text_orientation_phone=&#8221;center&#8221; text_orientation_last_edited=&#8221;on|phone&#8221; text_text_shadow_style=&#8221;preset1&#8243; text_text_shadow_color=&#8221;#E09900&#8243; global_colors_info=&#8221;{}&#8221;]<\/p>\n<p><strong>I book my session here <\/strong>\u2b07<\/p>\n<p>[\/et_pb_text][et_pb_divider show_divider=&#8221;off&#8221; _builder_version=&#8221;4.23&#8243; _module_preset=&#8221;default&#8221; custom_margin=&#8221;20px||20px||false|false&#8221; custom_padding=&#8221;20px||20px||false|false&#8221; global_colors_info=&#8221;{}&#8221;][\/et_pb_divider][et_pb_divider show_divider=&#8221;off&#8221; _builder_version=&#8221;4.23&#8243; _module_preset=&#8221;default&#8221; custom_margin=&#8221;20px||20px||false|false&#8221; custom_padding=&#8221;20px||20px||false|false&#8221; global_colors_info=&#8221;{}&#8221;][\/et_pb_divider][et_pb_divider show_divider=&#8221;off&#8221; _builder_version=&#8221;4.23&#8243; _module_preset=&#8221;default&#8221; custom_margin=&#8221;20px||20px||false|false&#8221; custom_padding=&#8221;20px||20px||false|false&#8221; global_colors_info=&#8221;{}&#8221;][\/et_pb_divider][\/et_pb_column][\/et_pb_row][\/et_pb_section][et_pb_section fb_built=&#8221;1&#8243; _builder_version=&#8221;4.16&#8243; _module_preset=&#8221;default&#8221; background_enable_image=&#8221;off&#8221; parallax=&#8221;on&#8221; parallax_method=&#8221;off&#8221; min_height=&#8221;1411.9px&#8221; global_colors_info=&#8221;{}&#8221;][et_pb_row _builder_version=&#8221;4.16&#8243; _module_preset=&#8221;default&#8221; global_colors_info=&#8221;{}&#8221;][et_pb_column type=&#8221;4_4&#8243; _builder_version=&#8221;4.16&#8243; _module_preset=&#8221;default&#8221; global_colors_info=&#8221;{}&#8221;][et_pb_text _builder_version=&#8221;4.27.4&#8243; _module_preset=&#8221;default&#8221; global_colors_info=&#8221;{}&#8221;]<\/p>\n<p><strong>\u00a0Book your appointment below<\/strong> \ud83d\udc47<\/p>\n<p><span style=\"text-decoration: underline;\">How does it work?<\/span><br \/>1. Fill out the form corresponding to the session you&#8217;re interested in.<br \/>2. Proceed to payment (which confirms the consultation request).<\/p>\n<p>At this point, <strong>the waiting time is between 3 weeks and a month.<\/strong> Unless there&#8217;s an emergency.<\/p>\n<p>I will contact you to schedule the session on WhatsApp.<\/p>\n<p>[\/et_pb_text][et_pb_text _builder_version=&#8221;4.27.4&#8243; _module_preset=&#8221;default&#8221; global_colors_info=&#8221;{}&#8221;]<\/p>\n<p><span style=\"color: #ff1414;\"><strong>The waiting list is 2\/3 weeks.<\/strong><\/span><\/p>\n<p><span style=\"color: #ff1414;\">In case of emergency, contact me at 07 63 71 67 13 via WhatsApp.<\/span><\/p>\n<p>[\/et_pb_text][et_pb_divider _builder_version=&#8221;4.27.4&#8243; _module_preset=&#8221;default&#8221; global_colors_info=&#8221;{}&#8221;][\/et_pb_divider][\/et_pb_column][\/et_pb_row][et_pb_row _builder_version=&#8221;4.27.4&#8243; _module_preset=&#8221;default&#8221; global_colors_info=&#8221;{}&#8221;][et_pb_column type=&#8221;4_4&#8243; _builder_version=&#8221;4.27.4&#8243; _module_preset=&#8221;default&#8221; global_colors_info=&#8221;{}&#8221;][et_pb_text _builder_version=&#8221;4.27.4&#8243; _module_preset=&#8221;default&#8221; global_colors_info=&#8221;{}&#8221;]<\/p>\n<h1>Animal Therapy<\/h1>\n<p>[\/et_pb_text][\/et_pb_column][\/et_pb_row][et_pb_row column_structure=&#8221;1_2,1_2&#8243; _builder_version=&#8221;4.27.4&#8243; _module_preset=&#8221;default&#8221; global_colors_info=&#8221;{}&#8221;][et_pb_column type=&#8221;1_2&#8243; _builder_version=&#8221;4.27.4&#8243; _module_preset=&#8221;default&#8221; custom_padding=&#8221;10px|10px|10px|10px|false|false&#8221; border_radii=&#8221;on|2px|2px|2px|2px&#8221; border_width_all=&#8221;2px&#8221; border_color_all=&#8221;#E09900&#8243; global_colors_info=&#8221;{}&#8221;][et_pb_image src=&#8221;https:\/\/fromjoy.fr\/wp-content\/uploads\/2025\/08\/CAM23299-scaled.jpg&#8221; title_text=&#8221;CAM23299&#8243; _builder_version=&#8221;4.27.4&#8243; _module_preset=&#8221;default&#8221; global_colors_info=&#8221;{}&#8221;][\/et_pb_image][et_pb_text _builder_version=&#8221;4.27.4&#8243; _module_preset=&#8221;default&#8221; global_colors_info=&#8221;{}&#8221;]<\/p>\n<h4 style=\"text-align: center;\">Animal communication session<\/h4>\n<p>[\/et_pb_text][et_pb_button button_url=&#8221;@ET-DC@eyJkeW5hbWljIjp0cnVlLCJjb250ZW50IjoicG9zdF9saW5rX3VybF9wYWdlIiwic2V0dGluZ3MiOnsicG9zdF9pZCI6IjE5MjIifX0=@&#8221; button_text=&#8221;Animal form&#8221; button_alignment=&#8221;center&#8221; _builder_version=&#8221;4.27.4&#8243; _dynamic_attributes=&#8221;button_url&#8221; _module_preset=&#8221;default&#8221; custom_button=&#8221;on&#8221; button_text_color=&#8221;#E09900&#8243; button_bg_color=&#8221;#FFFAD1&#8243; button_border_width=&#8221;2px&#8221; button_border_radius=&#8221;89px&#8221; button_icon=&#8221;&#xf1b0;||fa||900&#8243; global_colors_info=&#8221;{}&#8221;][\/et_pb_button][et_pb_button button_url=&#8221;https:\/\/buy.stripe.com\/28E14neSnbYWacMgFA2oE0c&#8221; button_text=&#8221;84 \u20ac&#8221; button_alignment=&#8221;center&#8221; _builder_version=&#8221;4.27.4&#8243; _module_preset=&#8221;default&#8221; custom_button=&#8221;on&#8221; button_text_color=&#8221;#E09900&#8243; button_bg_color=&#8221;#FFFAD1&#8243; button_border_width=&#8221;2px&#8221; button_border_radius=&#8221;89px&#8221; button_icon=&#8221;&#xf1b0;||fa||900&#8243; global_colors_info=&#8221;{}&#8221;][\/et_pb_button][\/et_pb_column][et_pb_column type=&#8221;1_2&#8243; _builder_version=&#8221;4.27.4&#8243; _module_preset=&#8221;default&#8221; custom_padding=&#8221;10px|10px|10px|10px|false|false&#8221; border_radii=&#8221;on|2px|2px|2px|2px&#8221; border_width_all=&#8221;2px&#8221; border_color_all=&#8221;#E09900&#8243; global_colors_info=&#8221;{}&#8221;][et_pb_image src=&#8221;https:\/\/fromjoy.fr\/wp-content\/uploads\/2025\/09\/Design-sans-titre-1.png&#8221; title_text=&#8221;Design sans titre (1)&#8221; _builder_version=&#8221;4.27.4&#8243; _module_preset=&#8221;default&#8221; global_colors_info=&#8221;{}&#8221;][\/et_pb_image][et_pb_text _builder_version=&#8221;4.27.4&#8243; _module_preset=&#8221;default&#8221; global_colors_info=&#8221;{}&#8221;]<\/p>\n<h4 style=\"text-align: center;\">Healing session<\/h4>\n<p>[\/et_pb_text][et_pb_button button_url=&#8221;@ET-DC@eyJkeW5hbWljIjp0cnVlLCJjb250ZW50IjoicG9zdF9saW5rX3VybF9wYWdlIiwic2V0dGluZ3MiOnsicG9zdF9pZCI6IjE5MjIifX0=@&#8221; button_text=&#8221;Animal form&#8221; button_alignment=&#8221;center&#8221; _builder_version=&#8221;4.27.4&#8243; _dynamic_attributes=&#8221;button_url&#8221; _module_preset=&#8221;default&#8221; custom_button=&#8221;on&#8221; button_text_color=&#8221;#E09900&#8243; button_bg_color=&#8221;#FFFAD1&#8243; button_border_width=&#8221;2px&#8221; button_border_radius=&#8221;89px&#8221; button_icon=&#8221;&#xf1b0;||fa||900&#8243; global_colors_info=&#8221;{}&#8221;][\/et_pb_button][et_pb_button button_url=&#8221;https:\/\/buy.stripe.com\/dRmeVd7pV5Ay70A9d82oE0d&#8221; button_text=&#8221;34 \u20ac&#8221; button_alignment=&#8221;center&#8221; _builder_version=&#8221;4.27.4&#8243; _module_preset=&#8221;default&#8221; custom_button=&#8221;on&#8221; button_text_color=&#8221;#E09900&#8243; button_bg_color=&#8221;#FFFAD1&#8243; button_border_width=&#8221;2px&#8221; button_border_radius=&#8221;89px&#8221; button_icon=&#8221;&#xf1b0;||fa||900&#8243; global_colors_info=&#8221;{}&#8221;][\/et_pb_button][\/et_pb_column][\/et_pb_row][\/et_pb_section][et_pb_section fb_built=&#8221;1&#8243; _builder_version=&#8221;4.23&#8243; _module_preset=&#8221;default&#8221; custom_margin=&#8221;-40px||||false|false&#8221; global_colors_info=&#8221;{}&#8221;][et_pb_row column_structure=&#8221;1_4,3_4&#8243; disabled_on=&#8221;on|on|on&#8221; _builder_version=&#8221;4.27.4&#8243; _module_preset=&#8221;default&#8221; custom_margin=&#8221;-100px||||false|false&#8221; disabled=&#8221;on&#8221; global_colors_info=&#8221;{}&#8221;][et_pb_column type=&#8221;1_4&#8243; _builder_version=&#8221;4.23&#8243; _module_preset=&#8221;default&#8221; global_colors_info=&#8221;{}&#8221;][et_pb_image src=&#8221;https:\/\/fromjoy.fr\/wp-content\/uploads\/2024\/02\/anne-claire-lacheze.jpeg&#8221; title_text=&#8221;anne-claire-lacheze&#8221; _builder_version=&#8221;4.23&#8243; _module_preset=&#8221;default&#8221; transform_scale=&#8221;70%|70%&#8221; border_radii=&#8221;on|100px|100px|100px|100px&#8221; global_colors_info=&#8221;{}&#8221;][\/et_pb_image][\/et_pb_column][et_pb_column type=&#8221;3_4&#8243; _builder_version=&#8221;4.23&#8243; _module_preset=&#8221;default&#8221; global_colors_info=&#8221;{}&#8221;][et_pb_text _builder_version=&#8221;4.23&#8243; _module_preset=&#8221;default&#8221; text_text_color=&#8221;#1766A8&#8243; text_font_size=&#8221;20px&#8221; text_letter_spacing=&#8221;2px&#8221; custom_margin=&#8221;||10px|||&#8221; text_text_shadow_style=&#8221;preset1&#8243; global_colors_info=&#8221;{}&#8221;]<\/p>\n<p><span style=\"text-decoration: underline;\">Qui est Anne-Claire Lach\u00e8ze ?<\/span><\/p>\n<p>[\/et_pb_text][et_pb_text _builder_version=&#8221;4.23&#8243; _module_preset=&#8221;default&#8221; global_colors_info=&#8221;{}&#8221;]<\/p>\n<p>Apr\u00e8s avoir exerc\u00e9 le m\u00e9tier de v\u00e9t\u00e9rinaire pour animaux de compagnie de mani\u00e8re conventionnelle pendant 30 ans, Anne-Claire Lach\u00e8ze se consacre d\u00e9sormais exclusivement aux approches th\u00e9rapeutiques compl\u00e9mentaires naturelles ainsi qu\u2019\u00e0 l\u2019accompagnement de l\u2019humain aupr\u00e8s de son compagnon animal.\u00a0<\/p>\n<p><a href=\"https:\/\/soin-naturel-animal.fr\/qui-suis-je-lacheze\/\">D\u00e9couvrez sa magie ici !<\/a><\/p>\n<p>[\/et_pb_text][\/et_pb_column][\/et_pb_row][\/et_pb_section][et_pb_section fb_built=&#8221;1&#8243; _builder_version=&#8221;4.23&#8243; _module_preset=&#8221;default&#8221; global_colors_info=&#8221;{}&#8221;][\/et_pb_section]<\/p>\n","protected":false},"excerpt":{"rendered":"<p>I book my session here \u2b07\u00a0Book your appointment below \ud83d\udc47 How does it work?1. Fill out the form corresponding to the session you&#8217;re interested in.2. Proceed to payment (which confirms the consultation request). At this point, the waiting time is between 3 weeks and a month. Unless there&#8217;s an emergency. I will contact you to [&hellip;]<\/p>\n","protected":false},"author":1,"featured_media":1209,"parent":0,"menu_order":0,"comment_status":"closed","ping_status":"closed","template":"","meta":{"_et_pb_use_builder":"on","_et_pb_old_content":"<!-- wp:amelia\/booking-gutenberg-block -->\n<div class=\"wp-block-amelia-booking-gutenberg-block\">[ameliabooking]<\/div>\n<!-- \/wp:amelia\/booking-gutenberg-block -->\n\n<!-- wp:amelia\/events-gutenberg-block {\"short_code\":\"[ameliaevents type=list]\"} -->\n<div class=\"wp-block-amelia-events-gutenberg-block\">[ameliaevents type=list]<\/div>\n<!-- \/wp:amelia\/events-gutenberg-block -->","_et_gb_content_width":"","footnotes":""},"class_list":["post-622","page","type-page","status-publish","has-post-thumbnail","hentry"],"yoast_head":"<!-- This site is optimized with the Yoast SEO plugin v27.5 - https:\/\/yoast.com\/product\/yoast-seo-wordpress\/ -->\n<title>Page de R\u00e9servation &#8902; Joy - Communication animale<\/title>\n<meta name=\"description\" content=\"Je r\u00e9serve ma consultation en communication animale, soins ou th\u00e9rapie en ligne, r\u00e9servez en un clique et choisissez votre horaires !\" \/>\n<meta name=\"robots\" content=\"index, follow, max-snippet:-1, max-image-preview:large, max-video-preview:-1\" \/>\n<link rel=\"canonical\" href=\"https:\/\/fromjoy.fr\/en\/booking\/\" \/>\n<meta property=\"og:locale\" content=\"en_US\" \/>\n<meta property=\"og:type\" content=\"article\" \/>\n<meta property=\"og:title\" content=\"Page de R\u00e9servation &#8902; Joy - Communication animale\" \/>\n<meta property=\"og:description\" content=\"Je r\u00e9serve ma consultation en communication animale, soins ou th\u00e9rapie en ligne, r\u00e9servez en un clique et choisissez votre horaires !\" \/>\n<meta property=\"og:url\" content=\"https:\/\/fromjoy.fr\/en\/booking\/\" \/>\n<meta property=\"og:site_name\" content=\"Joy - Communication animale\" \/>\n<meta property=\"article:modified_time\" content=\"2026-03-31T09:20:57+00:00\" \/>\n<meta property=\"og:image\" content=\"https:\/\/fromjoy.fr\/wp-content\/uploads\/2024\/02\/STAGE-PARIS-JUIN-2023_DIANA-GANDARA-40-scaled.jpg\" \/>\n\t<meta property=\"og:image:width\" content=\"2560\" \/>\n\t<meta property=\"og:image:height\" content=\"1707\" \/>\n\t<meta property=\"og:image:type\" content=\"image\/jpeg\" \/>\n<meta name=\"twitter:card\" content=\"summary_large_image\" \/>\n<meta name=\"twitter:label1\" content=\"Est. reading time\" \/>\n\t<meta name=\"twitter:data1\" content=\"1 minute\" \/>\n<script type=\"application\/ld+json\" class=\"yoast-schema-graph\">{\"@context\":\"https:\\\/\\\/schema.org\",\"@graph\":[{\"@type\":\"WebPage\",\"@id\":\"https:\\\/\\\/fromjoy.fr\\\/en\\\/booking\\\/\",\"url\":\"https:\\\/\\\/fromjoy.fr\\\/en\\\/booking\\\/\",\"name\":\"Page de R\u00e9servation &#8902; Joy - Communication animale\",\"isPartOf\":{\"@id\":\"https:\\\/\\\/fromjoy.fr\\\/en\\\/#website\"},\"primaryImageOfPage\":{\"@id\":\"https:\\\/\\\/fromjoy.fr\\\/en\\\/booking\\\/#primaryimage\"},\"image\":{\"@id\":\"https:\\\/\\\/fromjoy.fr\\\/en\\\/booking\\\/#primaryimage\"},\"thumbnailUrl\":\"https:\\\/\\\/fromjoy.fr\\\/wp-content\\\/uploads\\\/2024\\\/02\\\/STAGE-PARIS-JUIN-2023_DIANA-GANDARA-40-scaled.jpg\",\"datePublished\":\"2021-07-01T14:08:52+00:00\",\"dateModified\":\"2026-03-31T09:20:57+00:00\",\"description\":\"Je r\u00e9serve ma consultation en communication animale, soins ou th\u00e9rapie en ligne, r\u00e9servez en un clique et choisissez votre horaires !\",\"breadcrumb\":{\"@id\":\"https:\\\/\\\/fromjoy.fr\\\/en\\\/booking\\\/#breadcrumb\"},\"inLanguage\":\"en-US\",\"potentialAction\":[{\"@type\":\"ReadAction\",\"target\":[\"https:\\\/\\\/fromjoy.fr\\\/en\\\/booking\\\/\"]}]},{\"@type\":\"ImageObject\",\"inLanguage\":\"en-US\",\"@id\":\"https:\\\/\\\/fromjoy.fr\\\/en\\\/booking\\\/#primaryimage\",\"url\":\"https:\\\/\\\/fromjoy.fr\\\/wp-content\\\/uploads\\\/2024\\\/02\\\/STAGE-PARIS-JUIN-2023_DIANA-GANDARA-40-scaled.jpg\",\"contentUrl\":\"https:\\\/\\\/fromjoy.fr\\\/wp-content\\\/uploads\\\/2024\\\/02\\\/STAGE-PARIS-JUIN-2023_DIANA-GANDARA-40-scaled.jpg\",\"width\":2560,\"height\":1707},{\"@type\":\"BreadcrumbList\",\"@id\":\"https:\\\/\\\/fromjoy.fr\\\/en\\\/booking\\\/#breadcrumb\",\"itemListElement\":[{\"@type\":\"ListItem\",\"position\":1,\"name\":\"Accueil\",\"item\":\"https:\\\/\\\/fromjoy.fr\\\/en\\\/\"},{\"@type\":\"ListItem\",\"position\":2,\"name\":\"Page de R\u00e9servation\"}]},{\"@type\":\"WebSite\",\"@id\":\"https:\\\/\\\/fromjoy.fr\\\/en\\\/#website\",\"url\":\"https:\\\/\\\/fromjoy.fr\\\/en\\\/\",\"name\":\"Joy Fromental - Th\u00e9rapeute\",\"description\":\"Les animaux parlent, juste un autre langage ! \",\"publisher\":{\"@id\":\"https:\\\/\\\/fromjoy.fr\\\/en\\\/#\\\/schema\\\/person\\\/0cc125752d553248f283d88febe561a7\"},\"potentialAction\":[{\"@type\":\"SearchAction\",\"target\":{\"@type\":\"EntryPoint\",\"urlTemplate\":\"https:\\\/\\\/fromjoy.fr\\\/en\\\/?s={search_term_string}\"},\"query-input\":{\"@type\":\"PropertyValueSpecification\",\"valueRequired\":true,\"valueName\":\"search_term_string\"}}],\"inLanguage\":\"en-US\"},{\"@type\":[\"Person\",\"Organization\"],\"@id\":\"https:\\\/\\\/fromjoy.fr\\\/en\\\/#\\\/schema\\\/person\\\/0cc125752d553248f283d88febe561a7\",\"name\":\"Joy\",\"image\":{\"@type\":\"ImageObject\",\"inLanguage\":\"en-US\",\"@id\":\"https:\\\/\\\/fromjoy.fr\\\/wp-content\\\/uploads\\\/2021\\\/10\\\/IMG_0613-scaled.jpg\",\"url\":\"https:\\\/\\\/fromjoy.fr\\\/wp-content\\\/uploads\\\/2021\\\/10\\\/IMG_0613-scaled.jpg\",\"contentUrl\":\"https:\\\/\\\/fromjoy.fr\\\/wp-content\\\/uploads\\\/2021\\\/10\\\/IMG_0613-scaled.jpg\",\"width\":2560,\"height\":1707,\"caption\":\"Joy\"},\"logo\":{\"@id\":\"https:\\\/\\\/fromjoy.fr\\\/wp-content\\\/uploads\\\/2021\\\/10\\\/IMG_0613-scaled.jpg\"},\"sameAs\":[\"https:\\\/\\\/fromjoy.fr\"]}]}<\/script>\n<!-- \/ Yoast SEO plugin. -->","yoast_head_json":{"title":"Page de R\u00e9servation &#8902; Joy - Communication animale","description":"Je r\u00e9serve ma consultation en communication animale, soins ou th\u00e9rapie en ligne, r\u00e9servez en un clique et choisissez votre horaires !","robots":{"index":"index","follow":"follow","max-snippet":"max-snippet:-1","max-image-preview":"max-image-preview:large","max-video-preview":"max-video-preview:-1"},"canonical":"https:\/\/fromjoy.fr\/en\/booking\/","og_locale":"en_US","og_type":"article","og_title":"Page de R\u00e9servation &#8902; Joy - Communication animale","og_description":"Je r\u00e9serve ma consultation en communication animale, soins ou th\u00e9rapie en ligne, r\u00e9servez en un clique et choisissez votre horaires !","og_url":"https:\/\/fromjoy.fr\/en\/booking\/","og_site_name":"Joy - Communication animale","article_modified_time":"2026-03-31T09:20:57+00:00","og_image":[{"width":2560,"height":1707,"url":"https:\/\/fromjoy.fr\/wp-content\/uploads\/2024\/02\/STAGE-PARIS-JUIN-2023_DIANA-GANDARA-40-scaled.jpg","type":"image\/jpeg"}],"twitter_card":"summary_large_image","twitter_misc":{"Est. reading time":"1 minute"},"schema":{"@context":"https:\/\/schema.org","@graph":[{"@type":"WebPage","@id":"https:\/\/fromjoy.fr\/en\/booking\/","url":"https:\/\/fromjoy.fr\/en\/booking\/","name":"Page de R\u00e9servation &#8902; Joy - Communication animale","isPartOf":{"@id":"https:\/\/fromjoy.fr\/en\/#website"},"primaryImageOfPage":{"@id":"https:\/\/fromjoy.fr\/en\/booking\/#primaryimage"},"image":{"@id":"https:\/\/fromjoy.fr\/en\/booking\/#primaryimage"},"thumbnailUrl":"https:\/\/fromjoy.fr\/wp-content\/uploads\/2024\/02\/STAGE-PARIS-JUIN-2023_DIANA-GANDARA-40-scaled.jpg","datePublished":"2021-07-01T14:08:52+00:00","dateModified":"2026-03-31T09:20:57+00:00","description":"Je r\u00e9serve ma consultation en communication animale, soins ou th\u00e9rapie en ligne, r\u00e9servez en un clique et choisissez votre horaires !","breadcrumb":{"@id":"https:\/\/fromjoy.fr\/en\/booking\/#breadcrumb"},"inLanguage":"en-US","potentialAction":[{"@type":"ReadAction","target":["https:\/\/fromjoy.fr\/en\/booking\/"]}]},{"@type":"ImageObject","inLanguage":"en-US","@id":"https:\/\/fromjoy.fr\/en\/booking\/#primaryimage","url":"https:\/\/fromjoy.fr\/wp-content\/uploads\/2024\/02\/STAGE-PARIS-JUIN-2023_DIANA-GANDARA-40-scaled.jpg","contentUrl":"https:\/\/fromjoy.fr\/wp-content\/uploads\/2024\/02\/STAGE-PARIS-JUIN-2023_DIANA-GANDARA-40-scaled.jpg","width":2560,"height":1707},{"@type":"BreadcrumbList","@id":"https:\/\/fromjoy.fr\/en\/booking\/#breadcrumb","itemListElement":[{"@type":"ListItem","position":1,"name":"Accueil","item":"https:\/\/fromjoy.fr\/en\/"},{"@type":"ListItem","position":2,"name":"Page de R\u00e9servation"}]},{"@type":"WebSite","@id":"https:\/\/fromjoy.fr\/en\/#website","url":"https:\/\/fromjoy.fr\/en\/","name":"Joy Fromental - Th\u00e9rapeute","description":"Les animaux parlent, juste un autre langage ! ","publisher":{"@id":"https:\/\/fromjoy.fr\/en\/#\/schema\/person\/0cc125752d553248f283d88febe561a7"},"potentialAction":[{"@type":"SearchAction","target":{"@type":"EntryPoint","urlTemplate":"https:\/\/fromjoy.fr\/en\/?s={search_term_string}"},"query-input":{"@type":"PropertyValueSpecification","valueRequired":true,"valueName":"search_term_string"}}],"inLanguage":"en-US"},{"@type":["Person","Organization"],"@id":"https:\/\/fromjoy.fr\/en\/#\/schema\/person\/0cc125752d553248f283d88febe561a7","name":"Joy","image":{"@type":"ImageObject","inLanguage":"en-US","@id":"https:\/\/fromjoy.fr\/wp-content\/uploads\/2021\/10\/IMG_0613-scaled.jpg","url":"https:\/\/fromjoy.fr\/wp-content\/uploads\/2021\/10\/IMG_0613-scaled.jpg","contentUrl":"https:\/\/fromjoy.fr\/wp-content\/uploads\/2021\/10\/IMG_0613-scaled.jpg","width":2560,"height":1707,"caption":"Joy"},"logo":{"@id":"https:\/\/fromjoy.fr\/wp-content\/uploads\/2021\/10\/IMG_0613-scaled.jpg"},"sameAs":["https:\/\/fromjoy.fr"]}]}},"_links":{"self":[{"href":"https:\/\/fromjoy.fr\/en\/wp-json\/wp\/v2\/pages\/622","targetHints":{"allow":["GET"]}}],"collection":[{"href":"https:\/\/fromjoy.fr\/en\/wp-json\/wp\/v2\/pages"}],"about":[{"href":"https:\/\/fromjoy.fr\/en\/wp-json\/wp\/v2\/types\/page"}],"author":[{"embeddable":true,"href":"https:\/\/fromjoy.fr\/en\/wp-json\/wp\/v2\/users\/1"}],"replies":[{"embeddable":true,"href":"https:\/\/fromjoy.fr\/en\/wp-json\/wp\/v2\/comments?post=622"}],"version-history":[{"count":42,"href":"https:\/\/fromjoy.fr\/en\/wp-json\/wp\/v2\/pages\/622\/revisions"}],"predecessor-version":[{"id":2187,"href":"https:\/\/fromjoy.fr\/en\/wp-json\/wp\/v2\/pages\/622\/revisions\/2187"}],"wp:featuredmedia":[{"embeddable":true,"href":"https:\/\/fromjoy.fr\/en\/wp-json\/wp\/v2\/media\/1209"}],"wp:attachment":[{"href":"https:\/\/fromjoy.fr\/en\/wp-json\/wp\/v2\/media?parent=622"}],"curies":[{"name":"wp","href":"https:\/\/api.w.org\/{rel}","templated":true}]}}