{"id":728,"date":"2021-10-01T18:15:14","date_gmt":"2021-10-01T16:15:14","guid":{"rendered":"https:\/\/fromjoy.fr\/communiquer-avec-son-bebe\/"},"modified":"2025-09-12T18:35:28","modified_gmt":"2025-09-12T16:35:28","slug":"communiquer-avec-son-bebe","status":"publish","type":"page","link":"https:\/\/fromjoy.fr\/en\/communiquer-avec-son-bebe\/","title":{"rendered":"Communiquer avec son b\u00e9b\u00e9"},"content":{"rendered":"<p>[et_pb_section fb_built=&#8221;1&#8243; _builder_version=&#8221;4.16&#8243; _module_preset=&#8221;default&#8221; background_image=&#8221;https:\/\/fromjoy.fr\/wp-content\/uploads\/2021\/10\/woman-g747195ef2_1920.jpg&#8221; global_colors_info=&#8221;{}&#8221;][et_pb_row _builder_version=&#8221;4.16&#8243; _module_preset=&#8221;default&#8221; global_colors_info=&#8221;{}&#8221;][et_pb_column type=&#8221;4_4&#8243; _builder_version=&#8221;4.16&#8243; _module_preset=&#8221;default&#8221; global_colors_info=&#8221;{}&#8221;][et_pb_divider show_divider=&#8221;off&#8221; _builder_version=&#8221;4.16&#8243; _module_preset=&#8221;default&#8221; global_colors_info=&#8221;{}&#8221;][\/et_pb_divider][et_pb_button button_url=&#8221;#rdv&#8221; button_text=&#8221;Je prends RDV&#8221; button_alignment=&#8221;left&#8221; _builder_version=&#8221;4.16&#8243; _module_preset=&#8221;default&#8221; custom_button=&#8221;on&#8221; button_text_color=&#8221;#FFFFFF&#8221; global_colors_info=&#8221;{}&#8221;][\/et_pb_button][et_pb_divider show_divider=&#8221;off&#8221; _builder_version=&#8221;4.16&#8243; _module_preset=&#8221;default&#8221; custom_margin=&#8221;50px||50px||false|false&#8221; global_colors_info=&#8221;{}&#8221;][\/et_pb_divider][et_pb_divider show_divider=&#8221;off&#8221; _builder_version=&#8221;4.16&#8243; _module_preset=&#8221;default&#8221; custom_margin=&#8221;50px||50px||false|false&#8221; global_colors_info=&#8221;{}&#8221;][\/et_pb_divider][et_pb_divider show_divider=&#8221;off&#8221; _builder_version=&#8221;4.16&#8243; _module_preset=&#8221;default&#8221; custom_margin=&#8221;50px||50px||false|false&#8221; global_colors_info=&#8221;{}&#8221;][\/et_pb_divider][et_pb_divider show_divider=&#8221;off&#8221; _builder_version=&#8221;4.16&#8243; _module_preset=&#8221;default&#8221; custom_margin=&#8221;||||false|false&#8221; global_colors_info=&#8221;{}&#8221;][\/et_pb_divider][et_pb_text _builder_version=&#8221;4.16&#8243; _module_preset=&#8221;default&#8221; text_font=&#8221;|||on|||||&#8221; text_text_color=&#8221;#FFFFFF&#8221; text_font_size=&#8221;50px&#8221; text_letter_spacing=&#8221;2px&#8221; text_line_height=&#8221;1.1em&#8221; custom_margin=&#8221;|||-100px|false|false&#8221; custom_margin_tablet=&#8221;&#8221; custom_margin_phone=&#8221;|||0px|false|false&#8221; custom_margin_last_edited=&#8221;on|phone&#8221; custom_padding=&#8221;|||0px|false|false&#8221; text_font_size_tablet=&#8221;&#8221; text_font_size_phone=&#8221;30px&#8221; text_font_size_last_edited=&#8221;on|phone&#8221; text_text_shadow_style=&#8221;preset1&#8243; text_text_shadow_color=&#8221;#000000&#8243; global_colors_info=&#8221;{}&#8221;]<\/p>\n<p>Communication Intuitive\u00a0<\/p>\n<p>[\/et_pb_text][et_pb_divider show_divider=&#8221;off&#8221; disabled_on=&#8221;on|off|off&#8221; _builder_version=&#8221;4.16&#8243; _module_preset=&#8221;default&#8221; custom_margin=&#8221;50px||50px||false|false&#8221; global_colors_info=&#8221;{}&#8221;][\/et_pb_divider][\/et_pb_column][\/et_pb_row][\/et_pb_section][et_pb_section fb_built=&#8221;1&#8243; _builder_version=&#8221;4.16&#8243; _module_preset=&#8221;default&#8221; custom_padding=&#8221;||5px|||&#8221; global_colors_info=&#8221;{}&#8221;][et_pb_row column_structure=&#8221;3_5,2_5&#8243; _builder_version=&#8221;4.16&#8243; _module_preset=&#8221;default&#8221; min_height=&#8221;412px&#8221; custom_margin=&#8221;||-30px||false|false&#8221; custom_padding=&#8221;||||false|false&#8221; global_colors_info=&#8221;{}&#8221;][et_pb_column type=&#8221;3_5&#8243; _builder_version=&#8221;4.16&#8243; _module_preset=&#8221;default&#8221; global_colors_info=&#8221;{}&#8221;][et_pb_text _builder_version=&#8221;4.16&#8243; _module_preset=&#8221;default&#8221; custom_margin=&#8221;||||false|false&#8221; inline_fonts=&#8221;Playfair Display&#8221; global_colors_info=&#8221;{}&#8221;]<\/p>\n<p><strong>La Communication Intuitive vous permet de communiquer avec son b\u00e9b\u00e9, elle repose sur le m\u00eame principe que la <a href=\"from%20joy.fr\/communication-animale\">communication animale<\/a>.\u00a0<\/strong><\/p>\n<p><strong>Ce moyen de communication appel\u00e9 t\u00e9l\u00e9pathie<\/strong>\u00a0est utilis\u00e9 par toutes les esp\u00e8ces du monde. C\u2019est le langage universel de l\u2019\u00e2me.<\/p>\n<p><em>Vous l\u2019avez d\u00e9j\u00e0 tous exp\u00e9riment\u00e9 lorsque vous \u00e9tiez b\u00e9b\u00e9, c\u2019est le moyen par lequel votre b\u00e9b\u00e9 communique d\u00e9j\u00e0 avec vous. Et vous l\u2019utilisez toujours aujourd\u2019hui sans vous en rendre compte\u2026 c\u2019est ce qu\u2019on pourrait appeler une extension de l\u2019intuition.\u00a0<\/em><\/p>\n<p>&nbsp;<\/p>\n<p>[\/et_pb_text][\/et_pb_column][et_pb_column type=&#8221;2_5&#8243; _builder_version=&#8221;4.16&#8243; _module_preset=&#8221;default&#8221; global_colors_info=&#8221;{}&#8221;][et_pb_image src=&#8221;https:\/\/fromjoy.fr\/wp-content\/uploads\/2021\/10\/baby-gc5d9ef158_1280.jpg&#8221; title_text=&#8221;Communiquer avec b\u00e9b\u00e9&#8221; _builder_version=&#8221;4.16&#8243; _module_preset=&#8221;default&#8221; custom_padding=&#8221;||0px|||&#8221; global_colors_info=&#8221;{}&#8221;][\/et_pb_image][\/et_pb_column][\/et_pb_row][\/et_pb_section][et_pb_section fb_built=&#8221;1&#8243; _builder_version=&#8221;4.16&#8243; _module_preset=&#8221;default&#8221; background_enable_image=&#8221;off&#8221; min_height=&#8221;1819.4px&#8221; custom_padding=&#8221;2px|||||&#8221; global_colors_info=&#8221;{}&#8221;][et_pb_row _builder_version=&#8221;4.16&#8243; _module_preset=&#8221;default&#8221; global_colors_info=&#8221;{}&#8221;][et_pb_column type=&#8221;4_4&#8243; _builder_version=&#8221;4.16&#8243; _module_preset=&#8221;default&#8221; global_colors_info=&#8221;{}&#8221;][et_pb_text _builder_version=&#8221;4.16&#8243; _module_preset=&#8221;default&#8221; text_text_color=&#8221;#E09900&#8243; background_color=&#8221;#FFFFFF&#8221; custom_margin=&#8221;||||false|false&#8221; custom_padding=&#8221;17px|0px|||false|false&#8221; text_text_shadow_style=&#8221;preset1&#8243; box_shadow_style=&#8221;preset1&#8243; global_colors_info=&#8221;{}&#8221;]<\/p>\n<h2 style=\"text-align: center;\"><span style=\"color: #1766a8;\">Pourquoi entrer en communication avec son b\u00e9b\u00e9 ?<\/span><\/h2>\n<h4><\/h4>\n<p>[\/et_pb_text][\/et_pb_column][\/et_pb_row][et_pb_row column_structure=&#8221;2_5,3_5&#8243; _builder_version=&#8221;4.16&#8243; _module_preset=&#8221;default&#8221; min_height=&#8221;122px&#8221; custom_padding=&#8221;||||false|false&#8221; global_colors_info=&#8221;{}&#8221;][et_pb_column type=&#8221;2_5&#8243; _builder_version=&#8221;4.16&#8243; _module_preset=&#8221;default&#8221; global_colors_info=&#8221;{}&#8221;][et_pb_divider show_divider=&#8221;off&#8221; _builder_version=&#8221;4.16&#8243; _module_preset=&#8221;default&#8221; custom_margin=&#8221;||||false|false&#8221; global_colors_info=&#8221;{}&#8221;][\/et_pb_divider][et_pb_image src=&#8221;https:\/\/fromjoy.fr\/wp-content\/uploads\/2021\/08\/baby-2416718_1920.jpg&#8221; title_text=&#8221;Communication Intuitive B\u00e9b\u00e9&#8221; _builder_version=&#8221;4.16&#8243; _module_preset=&#8221;default&#8221; global_colors_info=&#8221;{}&#8221;][\/et_pb_image][\/et_pb_column][et_pb_column type=&#8221;3_5&#8243; _builder_version=&#8221;4.16&#8243; _module_preset=&#8221;default&#8221; global_colors_info=&#8221;{}&#8221;][et_pb_text _builder_version=&#8221;4.16&#8243; _module_preset=&#8221;default&#8221; background_color=&#8221;#FFFFFF&#8221; custom_padding=&#8221;10px|15px|10px|15px|false|false&#8221; global_colors_info=&#8221;{}&#8221;]<\/p>\n<p>Vous vivez une grossesse difficile, vous appr\u00e9hendez l&#8217;ariv\u00e9e du b\u00e9b\u00e9 ou bien vous \u00eates juste curieux\/se ?\u00a0<\/p>\n<p>Il n&#8217;y a pas de &#8220;bonne&#8221; ou &#8220;mauvaise&#8221; raison pour pour entrer en communication avec un b\u00e9b\u00e9.\u00a0<\/p>\n<p>Bien avant leur arriv\u00e9e sur Terre, <strong>les enfants portent d\u00e9j\u00e0 nos m\u00e9moires <em>transg\u00e9n\u00e9rationnelles et \u00e9nerg\u00e9tiques<\/em>.<\/strong> A partir du moment o\u00f9 j&#8217;ouvre la communication intuitive avec votre b\u00e9b\u00e9 <strong>intra ou extra ut\u00e9ro<\/strong>, il pourra vous faire conna\u00eetre -s&#8217;il le souhaite &#8211; sa personnalit\u00e9, ses traits de caract\u00e8re, sa mission aupr\u00e8s de ses parents, comment il se sent avec son entourage, ses besoins et envies&#8230;\u00a0<\/p>\n<p>Il peut aussi vous r\u00e9v\u00e9ler pourquoi vous vivez une situation particuliere : maladie, difficult\u00e9 familiale, probl\u00e8me pour dormir, pour manger, anxi\u00e9t\u00e9, etc.\u00a0<\/p>\n<p>[\/et_pb_text][\/et_pb_column][\/et_pb_row][et_pb_row _builder_version=&#8221;4.16&#8243; _module_preset=&#8221;default&#8221; global_colors_info=&#8221;{}&#8221;][et_pb_column type=&#8221;4_4&#8243; _builder_version=&#8221;4.16&#8243; _module_preset=&#8221;default&#8221; global_colors_info=&#8221;{}&#8221;][et_pb_text _builder_version=&#8221;4.16&#8243; _module_preset=&#8221;default&#8221; text_text_color=&#8221;#E09900&#8243; background_color=&#8221;#FFFFFF&#8221; custom_margin=&#8221;||||false|false&#8221; custom_padding=&#8221;17px|0px|||false|false&#8221; text_text_shadow_style=&#8221;preset1&#8243; box_shadow_style=&#8221;preset1&#8243; global_colors_info=&#8221;{}&#8221;]<\/p>\n<h2 style=\"text-align: center;\"><span style=\"color: #1766a8;\">Comment se d\u00e9roule une communication ?<\/span><\/h2>\n<h4><\/h4>\n<p>[\/et_pb_text][\/et_pb_column][\/et_pb_row][et_pb_row column_structure=&#8221;2_3,1_3&#8243; _builder_version=&#8221;4.16&#8243; _module_preset=&#8221;default&#8221; global_colors_info=&#8221;{}&#8221;][et_pb_column type=&#8221;2_3&#8243; _builder_version=&#8221;4.16&#8243; _module_preset=&#8221;default&#8221; global_colors_info=&#8221;{}&#8221;][et_pb_text _builder_version=&#8221;4.16&#8243; _module_preset=&#8221;default&#8221; background_color=&#8221;#FFFFFF&#8221; custom_padding=&#8221;10px|15px|10px|15px|false|false&#8221; global_colors_info=&#8221;{}&#8221;]<\/p>\n<ol>\n<li>Dans un premier temps j&#8217;\u00e9coute de mani\u00e8re intuitive le b\u00e9b\u00e9, il exprime spontan\u00e9ment ce qu\u2019il y a de plus important pour lui au moment de la communication. Le fait d\u2019\u00eatre entendu et de pouvoir passer des messages est un grand soulagement pour lui.<\/li>\n<li>Ensuite, nous pouvons lui poser les\u00a0questions que vous souhaitez\u2026<\/li>\n<li>Et dans une derni\u00e8re partie, nous trouvons\u00a0un accord \u2013 si besoin \u2013 entre votre b\u00e9b\u00e9 et vous-m\u00eame. Trouver des solutions gagnant\/gagnant\u2026 pour que la relation soit la meilleure possible.<\/li>\n<\/ol>\n<p><strong>La communication ne fait que renforcer la relation entre le parent et l&#8217;enfant.<br \/>Une nouvelle compr\u00e9hension s\u2019instaure, de coeur \u00e0 coeur.\u00a0<\/strong><\/p>\n<p>[\/et_pb_text][et_pb_text _builder_version=&#8221;4.16&#8243; _module_preset=&#8221;default&#8221; background_color=&#8221;#FFFFFF&#8221; custom_padding=&#8221;10px|15px|10px|15px|false|false&#8221; global_colors_info=&#8221;{}&#8221;]<\/p>\n<h5><strong><span style=\"color: #e09900;\">pendant la consultation, je me positionne en tant que\u00a0<span style=\"caret-color: #e09900;\">th\u00e9rapeute<\/span>\u00a0pour vous accompagner vers une meilleure compr\u00e9hension et entente harmonieuse avec votre enfant&#8230;<\/span><\/strong><\/h5>\n<p>[\/et_pb_text][\/et_pb_column][et_pb_column type=&#8221;1_3&#8243; _builder_version=&#8221;4.16&#8243; _module_preset=&#8221;default&#8221; global_colors_info=&#8221;{}&#8221;][et_pb_image src=&#8221;https:\/\/fromjoy.fr\/wp-content\/uploads\/2021\/10\/baby-g47659a012_1280.jpg&#8221; title_text=&#8221;baby foot&#8221; _builder_version=&#8221;4.16&#8243; _module_preset=&#8221;default&#8221; global_colors_info=&#8221;{}&#8221;][\/et_pb_image][\/et_pb_column][\/et_pb_row][et_pb_row _builder_version=&#8221;4.16&#8243; _module_preset=&#8221;default&#8221; global_colors_info=&#8221;{}&#8221;][et_pb_column type=&#8221;4_4&#8243; _builder_version=&#8221;4.16&#8243; _module_preset=&#8221;default&#8221; global_colors_info=&#8221;{}&#8221;][et_pb_button button_text=&#8221;Je prends RDV&#8221; _builder_version=&#8221;4.27.4&#8243; _module_preset=&#8221;default&#8221; button_url=&#8221;@ET-DC@eyJkeW5hbWljIjp0cnVlLCJjb250ZW50IjoicG9zdF9saW5rX3VybF9wYWdlIiwic2V0dGluZ3MiOnsicG9zdF9pZCI6IjM5In19@&#8221; _dynamic_attributes=&#8221;button_url&#8221; custom_button=&#8221;on&#8221; button_text_color=&#8221;#1766A8&#8243; button_text_size=&#8221;23px&#8221; box_shadow_style=&#8221;preset2&#8243; button_alignment=&#8221;center&#8221; hover_enabled=&#8221;0&#8243; sticky_enabled=&#8221;0&#8243;][\/et_pb_button][\/et_pb_column][\/et_pb_row][\/et_pb_section]<\/p>\n","protected":false},"excerpt":{"rendered":"<p>Communication Intuitive\u00a0La Communication Intuitive vous permet de communiquer avec son b\u00e9b\u00e9, elle repose sur le m\u00eame principe que la communication animale.\u00a0 Ce moyen de communication appel\u00e9 t\u00e9l\u00e9pathie\u00a0est utilis\u00e9 par toutes les esp\u00e8ces du monde. C\u2019est le langage universel de l\u2019\u00e2me. Vous l\u2019avez d\u00e9j\u00e0 tous exp\u00e9riment\u00e9 lorsque vous \u00e9tiez b\u00e9b\u00e9, c\u2019est le moyen par lequel votre [&hellip;]<\/p>\n","protected":false},"author":1,"featured_media":0,"parent":0,"menu_order":0,"comment_status":"closed","ping_status":"closed","template":"","meta":{"_et_pb_use_builder":"on","_et_pb_old_content":"","_et_gb_content_width":"","footnotes":""},"class_list":["post-728","page","type-page","status-publish","hentry"],"yoast_head":"<!-- This site is optimized with the Yoast SEO plugin v27.5 - https:\/\/yoast.com\/product\/yoast-seo-wordpress\/ -->\n<title>Communiquer avec son b\u00e9b\u00e9 &#8902; Joy - Communication animale<\/title>\n<meta name=\"description\" content=\"Communiquer avec son b\u00e9b\u00e9 vous permet de mieux le comprendre et savoir ce qu&#039;il porte \u00e9nergiquement, avant m\u00eame qu&#039;il arrive sur Terre !\" \/>\n<meta name=\"robots\" content=\"index, follow, max-snippet:-1, max-image-preview:large, max-video-preview:-1\" \/>\n<link rel=\"canonical\" href=\"https:\/\/fromjoy.fr\/en\/communiquer-avec-son-bebe\/\" \/>\n<meta property=\"og:locale\" content=\"en_US\" \/>\n<meta property=\"og:type\" content=\"article\" \/>\n<meta property=\"og:title\" content=\"Communiquer avec son b\u00e9b\u00e9 &#8902; Joy - Communication animale\" \/>\n<meta property=\"og:description\" content=\"Communiquer avec son b\u00e9b\u00e9 vous permet de mieux le comprendre et savoir ce qu&#039;il porte \u00e9nergiquement, avant m\u00eame qu&#039;il arrive sur Terre !\" \/>\n<meta property=\"og:url\" content=\"https:\/\/fromjoy.fr\/en\/communiquer-avec-son-bebe\/\" \/>\n<meta property=\"og:site_name\" content=\"Joy - Communication animale\" \/>\n<meta property=\"article:modified_time\" content=\"2025-09-12T16:35:28+00:00\" \/>\n<meta name=\"twitter:card\" content=\"summary_large_image\" \/>\n<meta name=\"twitter:label1\" content=\"Est. reading time\" \/>\n\t<meta name=\"twitter:data1\" content=\"3 minutes\" \/>\n<script type=\"application\/ld+json\" class=\"yoast-schema-graph\">{\"@context\":\"https:\\\/\\\/schema.org\",\"@graph\":[{\"@type\":\"WebPage\",\"@id\":\"https:\\\/\\\/fromjoy.fr\\\/en\\\/communiquer-avec-son-bebe\\\/\",\"url\":\"https:\\\/\\\/fromjoy.fr\\\/en\\\/communiquer-avec-son-bebe\\\/\",\"name\":\"Communiquer avec son b\u00e9b\u00e9 &#8902; Joy - Communication animale\",\"isPartOf\":{\"@id\":\"https:\\\/\\\/fromjoy.fr\\\/en\\\/#website\"},\"datePublished\":\"2021-10-01T16:15:14+00:00\",\"dateModified\":\"2025-09-12T16:35:28+00:00\",\"description\":\"Communiquer avec son b\u00e9b\u00e9 vous permet de mieux le comprendre et savoir ce qu'il porte \u00e9nergiquement, avant m\u00eame qu'il arrive sur Terre !\",\"breadcrumb\":{\"@id\":\"https:\\\/\\\/fromjoy.fr\\\/en\\\/communiquer-avec-son-bebe\\\/#breadcrumb\"},\"inLanguage\":\"en-US\",\"potentialAction\":[{\"@type\":\"ReadAction\",\"target\":[\"https:\\\/\\\/fromjoy.fr\\\/en\\\/communiquer-avec-son-bebe\\\/\"]}]},{\"@type\":\"BreadcrumbList\",\"@id\":\"https:\\\/\\\/fromjoy.fr\\\/en\\\/communiquer-avec-son-bebe\\\/#breadcrumb\",\"itemListElement\":[{\"@type\":\"ListItem\",\"position\":1,\"name\":\"Accueil\",\"item\":\"https:\\\/\\\/fromjoy.fr\\\/en\\\/\"},{\"@type\":\"ListItem\",\"position\":2,\"name\":\"Communiquer avec son b\u00e9b\u00e9\"}]},{\"@type\":\"WebSite\",\"@id\":\"https:\\\/\\\/fromjoy.fr\\\/en\\\/#website\",\"url\":\"https:\\\/\\\/fromjoy.fr\\\/en\\\/\",\"name\":\"Joy Fromental - Th\u00e9rapeute\",\"description\":\"Les animaux parlent, juste un autre langage ! \",\"publisher\":{\"@id\":\"https:\\\/\\\/fromjoy.fr\\\/en\\\/#\\\/schema\\\/person\\\/0cc125752d553248f283d88febe561a7\"},\"potentialAction\":[{\"@type\":\"SearchAction\",\"target\":{\"@type\":\"EntryPoint\",\"urlTemplate\":\"https:\\\/\\\/fromjoy.fr\\\/en\\\/?s={search_term_string}\"},\"query-input\":{\"@type\":\"PropertyValueSpecification\",\"valueRequired\":true,\"valueName\":\"search_term_string\"}}],\"inLanguage\":\"en-US\"},{\"@type\":[\"Person\",\"Organization\"],\"@id\":\"https:\\\/\\\/fromjoy.fr\\\/en\\\/#\\\/schema\\\/person\\\/0cc125752d553248f283d88febe561a7\",\"name\":\"Joy\",\"image\":{\"@type\":\"ImageObject\",\"inLanguage\":\"en-US\",\"@id\":\"https:\\\/\\\/fromjoy.fr\\\/wp-content\\\/uploads\\\/2021\\\/10\\\/IMG_0613-scaled.jpg\",\"url\":\"https:\\\/\\\/fromjoy.fr\\\/wp-content\\\/uploads\\\/2021\\\/10\\\/IMG_0613-scaled.jpg\",\"contentUrl\":\"https:\\\/\\\/fromjoy.fr\\\/wp-content\\\/uploads\\\/2021\\\/10\\\/IMG_0613-scaled.jpg\",\"width\":2560,\"height\":1707,\"caption\":\"Joy\"},\"logo\":{\"@id\":\"https:\\\/\\\/fromjoy.fr\\\/wp-content\\\/uploads\\\/2021\\\/10\\\/IMG_0613-scaled.jpg\"},\"sameAs\":[\"https:\\\/\\\/fromjoy.fr\"]}]}<\/script>\n<!-- \/ Yoast SEO plugin. -->","yoast_head_json":{"title":"Communiquer avec son b\u00e9b\u00e9 &#8902; Joy - Communication animale","description":"Communiquer avec son b\u00e9b\u00e9 vous permet de mieux le comprendre et savoir ce qu'il porte \u00e9nergiquement, avant m\u00eame qu'il arrive sur Terre !","robots":{"index":"index","follow":"follow","max-snippet":"max-snippet:-1","max-image-preview":"max-image-preview:large","max-video-preview":"max-video-preview:-1"},"canonical":"https:\/\/fromjoy.fr\/en\/communiquer-avec-son-bebe\/","og_locale":"en_US","og_type":"article","og_title":"Communiquer avec son b\u00e9b\u00e9 &#8902; Joy - Communication animale","og_description":"Communiquer avec son b\u00e9b\u00e9 vous permet de mieux le comprendre et savoir ce qu'il porte \u00e9nergiquement, avant m\u00eame qu'il arrive sur Terre !","og_url":"https:\/\/fromjoy.fr\/en\/communiquer-avec-son-bebe\/","og_site_name":"Joy - Communication animale","article_modified_time":"2025-09-12T16:35:28+00:00","twitter_card":"summary_large_image","twitter_misc":{"Est. reading time":"3 minutes"},"schema":{"@context":"https:\/\/schema.org","@graph":[{"@type":"WebPage","@id":"https:\/\/fromjoy.fr\/en\/communiquer-avec-son-bebe\/","url":"https:\/\/fromjoy.fr\/en\/communiquer-avec-son-bebe\/","name":"Communiquer avec son b\u00e9b\u00e9 &#8902; Joy - Communication animale","isPartOf":{"@id":"https:\/\/fromjoy.fr\/en\/#website"},"datePublished":"2021-10-01T16:15:14+00:00","dateModified":"2025-09-12T16:35:28+00:00","description":"Communiquer avec son b\u00e9b\u00e9 vous permet de mieux le comprendre et savoir ce qu'il porte \u00e9nergiquement, avant m\u00eame qu'il arrive sur Terre !","breadcrumb":{"@id":"https:\/\/fromjoy.fr\/en\/communiquer-avec-son-bebe\/#breadcrumb"},"inLanguage":"en-US","potentialAction":[{"@type":"ReadAction","target":["https:\/\/fromjoy.fr\/en\/communiquer-avec-son-bebe\/"]}]},{"@type":"BreadcrumbList","@id":"https:\/\/fromjoy.fr\/en\/communiquer-avec-son-bebe\/#breadcrumb","itemListElement":[{"@type":"ListItem","position":1,"name":"Accueil","item":"https:\/\/fromjoy.fr\/en\/"},{"@type":"ListItem","position":2,"name":"Communiquer avec son b\u00e9b\u00e9"}]},{"@type":"WebSite","@id":"https:\/\/fromjoy.fr\/en\/#website","url":"https:\/\/fromjoy.fr\/en\/","name":"Joy Fromental - Th\u00e9rapeute","description":"Les animaux parlent, juste un autre langage ! ","publisher":{"@id":"https:\/\/fromjoy.fr\/en\/#\/schema\/person\/0cc125752d553248f283d88febe561a7"},"potentialAction":[{"@type":"SearchAction","target":{"@type":"EntryPoint","urlTemplate":"https:\/\/fromjoy.fr\/en\/?s={search_term_string}"},"query-input":{"@type":"PropertyValueSpecification","valueRequired":true,"valueName":"search_term_string"}}],"inLanguage":"en-US"},{"@type":["Person","Organization"],"@id":"https:\/\/fromjoy.fr\/en\/#\/schema\/person\/0cc125752d553248f283d88febe561a7","name":"Joy","image":{"@type":"ImageObject","inLanguage":"en-US","@id":"https:\/\/fromjoy.fr\/wp-content\/uploads\/2021\/10\/IMG_0613-scaled.jpg","url":"https:\/\/fromjoy.fr\/wp-content\/uploads\/2021\/10\/IMG_0613-scaled.jpg","contentUrl":"https:\/\/fromjoy.fr\/wp-content\/uploads\/2021\/10\/IMG_0613-scaled.jpg","width":2560,"height":1707,"caption":"Joy"},"logo":{"@id":"https:\/\/fromjoy.fr\/wp-content\/uploads\/2021\/10\/IMG_0613-scaled.jpg"},"sameAs":["https:\/\/fromjoy.fr"]}]}},"_links":{"self":[{"href":"https:\/\/fromjoy.fr\/en\/wp-json\/wp\/v2\/pages\/728","targetHints":{"allow":["GET"]}}],"collection":[{"href":"https:\/\/fromjoy.fr\/en\/wp-json\/wp\/v2\/pages"}],"about":[{"href":"https:\/\/fromjoy.fr\/en\/wp-json\/wp\/v2\/types\/page"}],"author":[{"embeddable":true,"href":"https:\/\/fromjoy.fr\/en\/wp-json\/wp\/v2\/users\/1"}],"replies":[{"embeddable":true,"href":"https:\/\/fromjoy.fr\/en\/wp-json\/wp\/v2\/comments?post=728"}],"version-history":[{"count":4,"href":"https:\/\/fromjoy.fr\/en\/wp-json\/wp\/v2\/pages\/728\/revisions"}],"predecessor-version":[{"id":1936,"href":"https:\/\/fromjoy.fr\/en\/wp-json\/wp\/v2\/pages\/728\/revisions\/1936"}],"wp:attachment":[{"href":"https:\/\/fromjoy.fr\/en\/wp-json\/wp\/v2\/media?parent=728"}],"curies":[{"name":"wp","href":"https:\/\/api.w.org\/{rel}","templated":true}]}}